{"id":12518,"date":"2024-10-03T21:35:57","date_gmt":"2024-10-03T21:35:57","guid":{"rendered":"https:\/\/fundacjacsr.pl\/blazej-spychalski\/"},"modified":"2024-12-27T13:41:46","modified_gmt":"2024-12-27T13:41:46","slug":"blazej-spychalski","status":"publish","type":"page","link":"https:\/\/fundacjacsr.pl\/en\/blazej-spychalski\/","title":{"rendered":"Blazej Spychalski"},"content":{"rendered":"<style>.elementor-12518 .elementor-element.elementor-element-de779d6{--display:flex;--flex-direction:row;--container-widget-width:initial;--container-widget-height:100%;--container-widget-flex-grow:1;--container-widget-align-self:stretch;--flex-wrap-mobile:wrap;--gap:0px 0px;--row-gap:0px;--column-gap:0px;--margin-top:0px;--margin-bottom:0px;--margin-left:0px;--margin-right:0px;--padding-top:40px;--padding-bottom:0px;--padding-left:0px;--padding-right:0px;}.elementor-12518 .elementor-element.elementor-element-bcfad38{text-align:start;width:var( --container-widget-width, 103.668% );max-width:103.668%;--container-widget-width:103.668%;--container-widget-flex-grow:0;}.elementor-12518 .elementor-element.elementor-element-bcfad38 .elementor-heading-title{font-family:\"Poppins\", Sans-serif;font-size:40px;font-weight:600;line-height:1.2em;}.elementor-12518 .elementor-element.elementor-element-bcfad38 > .elementor-widget-container{margin:0px 0px 20px 0px;}.elementor-12518 .elementor-element.elementor-element-bcfad38.elementor-element{--align-self:center;--flex-grow:0;--flex-shrink:0;}.elementor-12518 .elementor-element.elementor-element-1613283{--display:flex;--flex-direction:row;--container-widget-width:initial;--container-widget-height:100%;--container-widget-flex-grow:1;--container-widget-align-self:stretch;--flex-wrap-mobile:wrap;--gap:0px 0px;--row-gap:0px;--column-gap:0px;--margin-top:0px;--margin-bottom:0px;--margin-left:0px;--margin-right:0px;--padding-top:0px;--padding-bottom:120px;--padding-left:0px;--padding-right:0px;}.elementor-12518 .elementor-element.elementor-element-6dd1e3b{--display:flex;--flex-direction:row;--container-widget-width:initial;--container-widget-height:100%;--container-widget-flex-grow:1;--container-widget-align-self:stretch;--flex-wrap-mobile:wrap;--gap:0px 0px;--row-gap:0px;--column-gap:0px;--padding-top:0px;--padding-bottom:120px;--padding-left:0px;--padding-right:0px;}.elementor-12518 .elementor-element.elementor-element-94969d1{--display:flex;--flex-direction:column;--container-widget-width:calc( ( 1 - var( --container-widget-flex-grow ) ) * 100% );--container-widget-height:initial;--container-widget-flex-grow:0;--container-widget-align-self:initial;--flex-wrap-mobile:wrap;--justify-content:flex-start;--align-items:flex-start;}.elementor-12518 .elementor-element.elementor-element-2807a1a{width:var( --container-widget-width, 92% );max-width:92%;--container-widget-width:92%;--container-widget-flex-grow:0;}.elementor-12518 .elementor-element.elementor-element-2807a1a.elementor-element{--flex-grow:0;--flex-shrink:0;}.elementor-12518 .elementor-element.elementor-element-2807a1a > .elementor-widget-container{box-shadow:0px 5px 15px 0px rgba(62.00000000000001, 64.99999999999999, 159, 0.1);}.elementor-12518 .elementor-element.elementor-element-1d2d754{--display:flex;--flex-direction:column;--container-widget-width:100%;--container-widget-height:initial;--container-widget-flex-grow:0;--container-widget-align-self:initial;--flex-wrap-mobile:wrap;}@media(min-width:576px){.elementor-12518 .elementor-element.elementor-element-1613283{--content-width:1320px;}.elementor-12518 .elementor-element.elementor-element-94969d1{--width:50%;}.elementor-12518 .elementor-element.elementor-element-1d2d754{--width:50%;}}@media(max-width:991px) and (min-width:576px){.elementor-12518 .elementor-element.elementor-element-94969d1{--width:100%;}.elementor-12518 .elementor-element.elementor-element-1d2d754{--width:100%;}}@media(max-width:1399px){.elementor-12518 .elementor-element.elementor-element-bcfad38 .elementor-heading-title{font-size:38px;}.elementor-12518 .elementor-element.elementor-element-1613283{--padding-top:40px;--padding-bottom:0px;--padding-left:20px;--padding-right:20px;}.elementor-12518 .elementor-element.elementor-element-6dd1e3b{--padding-top:0px;--padding-bottom:90px;--padding-left:0px;--padding-right:0px;}}@media(max-width:1200px){.elementor-12518 .elementor-element.elementor-element-bcfad38 > .elementor-widget-container{margin:0px 0px 20px 0px;}.elementor-12518 .elementor-element.elementor-element-1613283{--padding-top:30px;--padding-bottom:0px;--padding-left:20px;--padding-right:0px;}}@media(max-width:991px){.elementor-12518 .elementor-element.elementor-element-bcfad38 .elementor-heading-title{font-size:34px;}.elementor-12518 .elementor-element.elementor-element-1613283{--flex-direction:column;--container-widget-width:calc( ( 1 - var( --container-widget-flex-grow ) ) * 100% );--container-widget-height:initial;--container-widget-flex-grow:0;--container-widget-align-self:initial;--flex-wrap-mobile:wrap;--justify-content:center;--align-items:center;--gap:50px 50px;--row-gap:50px;--column-gap:50px;--padding-top:30px;--padding-bottom:0px;--padding-left:30px;--padding-right:30px;}.elementor-12518 .elementor-element.elementor-element-6dd1e3b{--flex-direction:column;--container-widget-width:100%;--container-widget-height:initial;--container-widget-flex-grow:0;--container-widget-align-self:initial;--flex-wrap-mobile:wrap;--padding-top:0px;--padding-bottom:70px;--padding-left:0px;--padding-right:0px;}.elementor-12518 .elementor-element.elementor-element-2807a1a{--container-widget-width:68%;--container-widget-flex-grow:0;width:var( --container-widget-width, 68% );max-width:68%;}.elementor-12518 .elementor-element.elementor-element-2807a1a.elementor-element{--align-self:center;}}@media(max-width:767px){.elementor-12518 .elementor-element.elementor-element-2807a1a{width:var( --container-widget-width, 467px );max-width:467px;--container-widget-width:467px;--container-widget-flex-grow:0;}}@media(max-width:575px){.elementor-12518 .elementor-element.elementor-element-bcfad38 .elementor-heading-title{font-size:28px;}.elementor-12518 .elementor-element.elementor-element-bcfad38 > .elementor-widget-container{margin:20px 0px 0px 0px;}.elementor-12518 .elementor-element.elementor-element-bcfad38{width:var( --container-widget-width, 100% );max-width:100%;--container-widget-width:100%;--container-widget-flex-grow:0;}.elementor-12518 .elementor-element.elementor-element-1613283{--gap:30px 30px;--row-gap:30px;--column-gap:30px;--padding-top:40px;--padding-bottom:0px;--padding-left:10px;--padding-right:10px;}.elementor-12518 .elementor-element.elementor-element-6dd1e3b{--padding-top:0px;--padding-bottom:50px;--padding-left:0px;--padding-right:0px;}.elementor-12518 .elementor-element.elementor-element-2807a1a > .elementor-widget-container{padding:10px 10px 10px 10px;}.elementor-12518 .elementor-element.elementor-element-2807a1a{--container-widget-width:100%;--container-widget-flex-grow:0;width:var( --container-widget-width, 100% );max-width:100%;}}<\/style>\t\t<div data-elementor-type=\"wp-page\" data-elementor-id=\"12518\" class=\"elementor elementor-12518 elementor-1709\" data-elementor-post-type=\"page\">\n\t\t\t\t<div class=\"elementor-element elementor-element-de779d6 e-flex e-con-boxed e-con e-parent\" data-id=\"de779d6\" data-element_type=\"container\" data-e-type=\"container\">\n\t\t\t\t\t<div class=\"e-con-inner\">\n\t\t\t\t<div class=\"elementor-element elementor-element-bcfad38 elementor-widget__width-initial elementor-widget-mobile__width-initial elementor-widget elementor-widget-heading\" data-id=\"bcfad38\" data-element_type=\"widget\" data-e-type=\"widget\" data-widget_type=\"heading.default\">\n\t\t\t\t<div class=\"elementor-widget-container\">\n\t\t\t\t\t<h2 class=\"elementor-heading-title elementor-size-default\">B\u0142a\u017cej Spychalski<\/h2>\t\t\t\t<\/div>\n\t\t\t\t<\/div>\n\t\t\t\t\t<\/div>\n\t\t\t\t<\/div>\n\t\t<div class=\"elementor-element elementor-element-1613283 e-flex e-con-boxed e-con e-parent\" data-id=\"1613283\" data-element_type=\"container\" data-e-type=\"container\">\n\t\t\t\t\t<div class=\"e-con-inner\">\n\t\t<div class=\"elementor-element elementor-element-6dd1e3b e-con-full e-flex e-con e-child\" data-id=\"6dd1e3b\" data-element_type=\"container\" data-e-type=\"container\">\n\t\t<div class=\"elementor-element elementor-element-94969d1 e-con-full e-flex e-con e-child\" data-id=\"94969d1\" data-element_type=\"container\" data-e-type=\"container\">\n\t\t\t\t<div class=\"elementor-element elementor-element-2807a1a elementor-widget__width-initial elementor-widget-mobile_extra__width-initial elementor-widget elementor-widget-image\" data-id=\"2807a1a\" data-element_type=\"widget\" data-e-type=\"widget\" data-widget_type=\"image.default\">\n\t\t\t\t<div class=\"elementor-widget-container\">\n\t\t\t\t\t\t\t\t\t\t\t\t\t\t\t<img fetchpriority=\"high\" decoding=\"async\" width=\"1080\" height=\"1080\" src=\"https:\/\/fundacjacsr.pl\/wp-content\/uploads\/2024\/12\/BSP22.jpg\" class=\"attachment-full size-full wp-image-12406\" alt=\"\" srcset=\"https:\/\/fundacjacsr.pl\/wp-content\/uploads\/2024\/12\/BSP22.jpg 1080w, https:\/\/fundacjacsr.pl\/wp-content\/uploads\/2024\/12\/BSP22-300x300.jpg 300w, https:\/\/fundacjacsr.pl\/wp-content\/uploads\/2024\/12\/BSP22-1024x1024.jpg 1024w, https:\/\/fundacjacsr.pl\/wp-content\/uploads\/2024\/12\/BSP22-150x150.jpg 150w, https:\/\/fundacjacsr.pl\/wp-content\/uploads\/2024\/12\/BSP22-768x768.jpg 768w\" sizes=\"(max-width: 1080px) 100vw, 1080px\" \/>\t\t\t\t\t\t\t\t\t\t\t\t\t\t\t<\/div>\n\t\t\t\t<\/div>\n\t\t\t\t<\/div>\n\t\t<div class=\"elementor-element elementor-element-1d2d754 e-con-full e-flex e-con e-child\" data-id=\"1d2d754\" data-element_type=\"container\" data-e-type=\"container\">\n\t\t\t\t<div class=\"elementor-element elementor-element-39e7081 elementor-widget elementor-widget-text-editor\" data-id=\"39e7081\" data-element_type=\"widget\" data-e-type=\"widget\" data-widget_type=\"text-editor.default\">\n\t\t\t\t<div class=\"elementor-widget-container\">\n\t\t\t\t\t\t\t\t\t<p>Since October 2021, he has been a Social Advisor to the President of Poland. From 2018 to 2021, he served as Secretary of State in the Chancellery of the President of Poland and Spokesperson for the President. He is a member of the Presidential Councils on Agriculture and Rural Areas as well as Youth Affairs.<\/p><p>From January 2022 to March 2023, he was Vice President of Gaz-System S.A., responsible for projects including the expansion of the LNG Terminal in \u015awinouj\u015bcie. Between October 2021 and October 2023, he acted as an Advisor to the Management Board of PKN Orlen S.A. on the development of the company&#8217;s international projects. From February 2022 to June 2023, he served as an expert for the Supervisory Board of Unipetrol in the Czech Republic.<\/p><p>Between 2014 and 2018, he was the CEO of the District Heating Company and the CEO of the Water and Sewage Management Company in Tomasz\u00f3w Mazowiecki. From 2010 to 2014, he held a seat in the Wielkopolskie Regional Assembly, and from 2014 to 2018 in the \u0141\u00f3dzkie Regional Assembly. Between 2011 and 2015, he worked as an assistant to Members of the European Parliament, Konrad Szyma\u0144ski and Janusz Wojciechowski. From 2006 to 2011, he was employed in the legislative and analysis department of the Law and Justice Parliamentary Club in the Sejm of Poland.<\/p><p>He is a graduate of the Faculty of Law and Administration at Adam Mickiewicz University in Pozna\u0144, with a degree in Law. He is currently pursuing an MBA in Energy at \u0141azarski University.<\/p>\t\t\t\t\t\t\t\t<\/div>\n\t\t\t\t<\/div>\n\t\t\t\t<\/div>\n\t\t\t\t<\/div>\n\t\t\t\t\t<\/div>\n\t\t\t\t<\/div>\n\t\t\t\t<\/div>\n\t\t","protected":false},"excerpt":{"rendered":"<p>B\u0142a\u017cej Spychalski Since October 2021, he has been a Social Advisor to the President of Poland. From 2018 to 2021, he served as Secretary of State in the Chancellery of the President of Poland and Spokesperson for the President. He is a member of the Presidential Councils on Agriculture and Rural Areas as well as [&hellip;]<\/p>\n","protected":false},"author":1,"featured_media":0,"parent":0,"menu_order":0,"comment_status":"closed","ping_status":"closed","template":"elementor_header_footer","meta":{"inline_featured_image":false,"_monsterinsights_skip_tracking":false,"_monsterinsights_sitenote_active":false,"_monsterinsights_sitenote_note":"","_monsterinsights_sitenote_category":0,"footnotes":""},"class_list":["post-12518","page","type-page","status-publish","hentry"],"_links":{"self":[{"href":"https:\/\/fundacjacsr.pl\/en\/wp-json\/wp\/v2\/pages\/12518","targetHints":{"allow":["GET"]}}],"collection":[{"href":"https:\/\/fundacjacsr.pl\/en\/wp-json\/wp\/v2\/pages"}],"about":[{"href":"https:\/\/fundacjacsr.pl\/en\/wp-json\/wp\/v2\/types\/page"}],"author":[{"embeddable":true,"href":"https:\/\/fundacjacsr.pl\/en\/wp-json\/wp\/v2\/users\/1"}],"replies":[{"embeddable":true,"href":"https:\/\/fundacjacsr.pl\/en\/wp-json\/wp\/v2\/comments?post=12518"}],"version-history":[{"count":4,"href":"https:\/\/fundacjacsr.pl\/en\/wp-json\/wp\/v2\/pages\/12518\/revisions"}],"predecessor-version":[{"id":12616,"href":"https:\/\/fundacjacsr.pl\/en\/wp-json\/wp\/v2\/pages\/12518\/revisions\/12616"}],"wp:attachment":[{"href":"https:\/\/fundacjacsr.pl\/en\/wp-json\/wp\/v2\/media?parent=12518"}],"curies":[{"name":"wp","href":"https:\/\/api.w.org\/{rel}","templated":true}]}}