{"id":13243,"date":"2025-02-20T15:52:18","date_gmt":"2025-02-20T15:52:18","guid":{"rendered":"https:\/\/fundacjacsr.pl\/kamil-fijalkowski\/"},"modified":"2025-04-18T13:49:22","modified_gmt":"2025-04-18T13:49:22","slug":"kamil-fijalkowski","status":"publish","type":"page","link":"https:\/\/fundacjacsr.pl\/en\/kamil-fijalkowski\/","title":{"rendered":"Kamil Fija\u0142kowski"},"content":{"rendered":"<style>.elementor-13243 .elementor-element.elementor-element-dc41fad{--display:flex;--flex-direction:column;--container-widget-width:100%;--container-widget-height:initial;--container-widget-flex-grow:0;--container-widget-align-self:initial;--flex-wrap-mobile:wrap;}.elementor-13243 .elementor-element.elementor-element-41f5160{--display:flex;--flex-direction:row;--container-widget-width:initial;--container-widget-height:100%;--container-widget-flex-grow:1;--container-widget-align-self:stretch;--flex-wrap-mobile:wrap;--gap:0px 0px;--row-gap:0px;--column-gap:0px;--margin-top:0px;--margin-bottom:0px;--margin-left:0px;--margin-right:0px;--padding-top:40px;--padding-bottom:0px;--padding-left:0px;--padding-right:0px;}.elementor-13243 .elementor-element.elementor-element-9d99340{text-align:start;width:var( --container-widget-width, 103.668% );max-width:103.668%;--container-widget-width:103.668%;--container-widget-flex-grow:0;}.elementor-13243 .elementor-element.elementor-element-9d99340 .elementor-heading-title{font-family:\"Poppins\", Sans-serif;font-size:40px;font-weight:600;line-height:1.2em;}.elementor-13243 .elementor-element.elementor-element-9d99340 > .elementor-widget-container{margin:0px 0px 20px 0px;}.elementor-13243 .elementor-element.elementor-element-9d99340.elementor-element{--align-self:center;--flex-grow:0;--flex-shrink:0;}.elementor-13243 .elementor-element.elementor-element-63b3cb7{--display:flex;--flex-direction:row;--container-widget-width:initial;--container-widget-height:100%;--container-widget-flex-grow:1;--container-widget-align-self:stretch;--flex-wrap-mobile:wrap;--gap:0px 0px;--row-gap:0px;--column-gap:0px;--padding-top:0px;--padding-bottom:120px;--padding-left:0px;--padding-right:0px;}.elementor-13243 .elementor-element.elementor-element-3279b7b{--display:flex;--flex-direction:column;--container-widget-width:calc( ( 1 - var( --container-widget-flex-grow ) ) * 100% );--container-widget-height:initial;--container-widget-flex-grow:0;--container-widget-align-self:initial;--flex-wrap-mobile:wrap;--justify-content:flex-start;--align-items:flex-start;}.elementor-13243 .elementor-element.elementor-element-7954769{width:var( --container-widget-width, 92% );max-width:92%;--container-widget-width:92%;--container-widget-flex-grow:0;}.elementor-13243 .elementor-element.elementor-element-7954769.elementor-element{--flex-grow:0;--flex-shrink:0;}.elementor-13243 .elementor-element.elementor-element-7954769 > .elementor-widget-container{box-shadow:0px 5px 15px 0px rgba(62.00000000000001, 64.99999999999999, 159, 0.1);}.elementor-13243 .elementor-element.elementor-element-eaad941{--display:flex;--flex-direction:column;--container-widget-width:100%;--container-widget-height:initial;--container-widget-flex-grow:0;--container-widget-align-self:initial;--flex-wrap-mobile:wrap;}@media(min-width:576px){.elementor-13243 .elementor-element.elementor-element-3279b7b{--width:50%;}.elementor-13243 .elementor-element.elementor-element-eaad941{--width:50%;}}@media(max-width:991px) and (min-width:576px){.elementor-13243 .elementor-element.elementor-element-3279b7b{--width:100%;}}@media(max-width:1399px){.elementor-13243 .elementor-element.elementor-element-41f5160{--padding-top:40px;--padding-bottom:0px;--padding-left:20px;--padding-right:20px;}.elementor-13243 .elementor-element.elementor-element-9d99340 .elementor-heading-title{font-size:38px;}}@media(max-width:1200px){.elementor-13243 .elementor-element.elementor-element-41f5160{--padding-top:30px;--padding-bottom:0px;--padding-left:20px;--padding-right:0px;}.elementor-13243 .elementor-element.elementor-element-9d99340 > .elementor-widget-container{margin:0px 0px 20px 0px;}}@media(max-width:991px){.elementor-13243 .elementor-element.elementor-element-41f5160{--flex-direction:column;--container-widget-width:calc( ( 1 - var( --container-widget-flex-grow ) ) * 100% );--container-widget-height:initial;--container-widget-flex-grow:0;--container-widget-align-self:initial;--flex-wrap-mobile:wrap;--justify-content:center;--align-items:center;--gap:50px 50px;--row-gap:50px;--column-gap:50px;--padding-top:30px;--padding-bottom:0px;--padding-left:30px;--padding-right:30px;}.elementor-13243 .elementor-element.elementor-element-9d99340 .elementor-heading-title{font-size:34px;}.elementor-13243 .elementor-element.elementor-element-7954769{--container-widget-width:68%;--container-widget-flex-grow:0;width:var( --container-widget-width, 68% );max-width:68%;}.elementor-13243 .elementor-element.elementor-element-7954769.elementor-element{--align-self:center;}}@media(max-width:767px){.elementor-13243 .elementor-element.elementor-element-7954769{width:var( --container-widget-width, 467px );max-width:467px;--container-widget-width:467px;--container-widget-flex-grow:0;}}@media(max-width:575px){.elementor-13243 .elementor-element.elementor-element-41f5160{--gap:30px 30px;--row-gap:30px;--column-gap:30px;--padding-top:40px;--padding-bottom:0px;--padding-left:10px;--padding-right:10px;}.elementor-13243 .elementor-element.elementor-element-9d99340 .elementor-heading-title{font-size:28px;}.elementor-13243 .elementor-element.elementor-element-9d99340 > .elementor-widget-container{margin:20px 0px 0px 0px;}.elementor-13243 .elementor-element.elementor-element-9d99340{width:var( --container-widget-width, 100% );max-width:100%;--container-widget-width:100%;--container-widget-flex-grow:0;}.elementor-13243 .elementor-element.elementor-element-7954769 > .elementor-widget-container{padding:10px 10px 10px 10px;}.elementor-13243 .elementor-element.elementor-element-7954769{--container-widget-width:100%;--container-widget-flex-grow:0;width:var( --container-widget-width, 100% );max-width:100%;}}<\/style>\t\t<div data-elementor-type=\"wp-page\" data-elementor-id=\"13243\" class=\"elementor elementor-13243 elementor-13019\" data-elementor-post-type=\"page\">\n\t\t\t\t<div class=\"elementor-element elementor-element-dc41fad e-flex e-con-boxed e-con e-parent\" data-id=\"dc41fad\" data-element_type=\"container\" data-e-type=\"container\">\n\t\t\t\t\t<div class=\"e-con-inner\">\n\t\t<div class=\"elementor-element elementor-element-41f5160 e-con-full e-flex e-con e-child\" data-id=\"41f5160\" data-element_type=\"container\" data-e-type=\"container\">\n\t\t\t\t<div class=\"elementor-element elementor-element-9d99340 elementor-widget__width-initial elementor-widget-mobile__width-initial elementor-widget elementor-widget-heading\" data-id=\"9d99340\" data-element_type=\"widget\" data-e-type=\"widget\" data-widget_type=\"heading.default\">\n\t\t\t\t<div class=\"elementor-widget-container\">\n\t\t\t\t\t<h2 class=\"elementor-heading-title elementor-size-default\">Kamil Fija\u0142kowski <\/h2>\t\t\t\t<\/div>\n\t\t\t\t<\/div>\n\t\t\t\t<\/div>\n\t\t\t\t\t<\/div>\n\t\t\t\t<\/div>\n\t\t<div class=\"elementor-element elementor-element-63b3cb7 e-flex e-con-boxed e-con e-parent\" data-id=\"63b3cb7\" data-element_type=\"container\" data-e-type=\"container\">\n\t\t\t\t\t<div class=\"e-con-inner\">\n\t\t<div class=\"elementor-element elementor-element-3279b7b e-con-full e-flex e-con e-child\" data-id=\"3279b7b\" data-element_type=\"container\" data-e-type=\"container\">\n\t\t\t\t<div class=\"elementor-element elementor-element-7954769 elementor-widget__width-initial elementor-widget-mobile_extra__width-initial elementor-widget elementor-widget-image\" data-id=\"7954769\" data-element_type=\"widget\" data-e-type=\"widget\" data-widget_type=\"image.default\">\n\t\t\t\t<div class=\"elementor-widget-container\">\n\t\t\t\t\t\t\t\t\t\t\t\t\t\t\t<img decoding=\"async\" src=\"https:\/\/fundacjacsr.pl\/wp-content\/uploads\/2025\/02\/Kamil-Fijalkowkski-1-scaled.jpg\" class=\"attachment-full size-full wp-image-13025\" alt=\"\" \/>\t\t\t\t\t\t\t\t\t\t\t\t\t\t\t<\/div>\n\t\t\t\t<\/div>\n\t\t\t\t<\/div>\n\t\t<div class=\"elementor-element elementor-element-eaad941 e-con-full e-flex e-con e-child\" data-id=\"eaad941\" data-element_type=\"container\" data-e-type=\"container\">\n\t\t\t\t<div class=\"elementor-element elementor-element-4e74888 elementor-widget elementor-widget-text-editor\" data-id=\"4e74888\" data-element_type=\"widget\" data-e-type=\"widget\" data-widget_type=\"text-editor.default\">\n\t\t\t\t<div class=\"elementor-widget-container\">\n\t\t\t\t\t\t\t\t\t<p>A graduate of Cardinal Stefan Wyszy\u0144ski University and the Warsaw School of Economics in the field of International Economic Relations. In 2019, he earned an Executive MBA degree, and in 2021, he completed his doctoral studies at the Warsaw School of Economics. He holds certifications in management methodologies, including Agile Project Management, TenStep Project Management Process, and M_o_R Risk Management.  <\/p>\n<p>Since 2012, he has been associated with the Sobieski Institute, where he earned the title of expert in the fields of energy and economy. He collaborated with Prime Minister Beata Szyd\u0142o and, in 2016, began working at the Chancellery of the Prime Minister as Head of the Strategic Planning Department, later serving as Director of the Department of Social Affairs. He has been actively involved in the implementation of key economic and social projects in Poland, such as the Baltic Pipe and the Central Communication Port (CPK).   <\/p>\n<p>From 2019 to 2024, he held managerial positions at Polskie LNG and Gaz-System, including serving as Director of the Strategic Projects Office. He led implementation teams for strategic projects and was directly involved in the LNG Terminal Expansion Program in \u015awinouj\u015bcie, the Baltic Pipe Project, and the FSRU Construction Program in the Gulf of Gda\u0144sk. <\/p>\n<p>He has experience as a member of the supervisory boards of Polskie LNG and GPW Benchmark. Privately, he is a father of four sons. <\/p>\n\t\t\t\t\t\t\t\t<\/div>\n\t\t\t\t<\/div>\n\t\t\t\t<\/div>\n\t\t\t\t\t<\/div>\n\t\t\t\t<\/div>\n\t\t\t\t<\/div>\n\t\t","protected":false},"excerpt":{"rendered":"<p>Kamil Fija\u0142kowski A graduate of Cardinal Stefan Wyszy\u0144ski University and the Warsaw School of Economics in the field of International Economic Relations. In 2019, he earned an Executive MBA degree, and in 2021, he completed his doctoral studies at the Warsaw School of Economics. He holds certifications in management methodologies, including Agile Project Management, TenStep [&hellip;]<\/p>\n","protected":false},"author":2,"featured_media":0,"parent":0,"menu_order":0,"comment_status":"closed","ping_status":"closed","template":"elementor_header_footer","meta":{"inline_featured_image":false,"_monsterinsights_skip_tracking":false,"_monsterinsights_sitenote_active":false,"_monsterinsights_sitenote_note":"","_monsterinsights_sitenote_category":0,"footnotes":""},"class_list":["post-13243","page","type-page","status-publish","hentry"],"_links":{"self":[{"href":"https:\/\/fundacjacsr.pl\/en\/wp-json\/wp\/v2\/pages\/13243","targetHints":{"allow":["GET"]}}],"collection":[{"href":"https:\/\/fundacjacsr.pl\/en\/wp-json\/wp\/v2\/pages"}],"about":[{"href":"https:\/\/fundacjacsr.pl\/en\/wp-json\/wp\/v2\/types\/page"}],"author":[{"embeddable":true,"href":"https:\/\/fundacjacsr.pl\/en\/wp-json\/wp\/v2\/users\/2"}],"replies":[{"embeddable":true,"href":"https:\/\/fundacjacsr.pl\/en\/wp-json\/wp\/v2\/comments?post=13243"}],"version-history":[{"count":9,"href":"https:\/\/fundacjacsr.pl\/en\/wp-json\/wp\/v2\/pages\/13243\/revisions"}],"predecessor-version":[{"id":13535,"href":"https:\/\/fundacjacsr.pl\/en\/wp-json\/wp\/v2\/pages\/13243\/revisions\/13535"}],"wp:attachment":[{"href":"https:\/\/fundacjacsr.pl\/en\/wp-json\/wp\/v2\/media?parent=13243"}],"curies":[{"name":"wp","href":"https:\/\/api.w.org\/{rel}","templated":true}]}}