{"id":13550,"date":"2025-02-21T12:47:01","date_gmt":"2025-02-21T12:47:01","guid":{"rendered":"https:\/\/fundacjacsr.pl\/mateusz-ciasnocha\/"},"modified":"2025-04-21T22:46:13","modified_gmt":"2025-04-21T22:46:13","slug":"mateusz-ciasnocha","status":"publish","type":"page","link":"https:\/\/fundacjacsr.pl\/en\/mateusz-ciasnocha\/","title":{"rendered":"Mateusz Ciasnocha"},"content":{"rendered":"<style>.elementor-13550 .elementor-element.elementor-element-adf8892{--display:flex;--flex-direction:column;--container-widget-width:100%;--container-widget-height:initial;--container-widget-flex-grow:0;--container-widget-align-self:initial;--flex-wrap-mobile:wrap;}.elementor-13550 .elementor-element.elementor-element-fab07d3{--display:flex;--flex-direction:row;--container-widget-width:initial;--container-widget-height:100%;--container-widget-flex-grow:1;--container-widget-align-self:stretch;--flex-wrap-mobile:wrap;--gap:0px 0px;--row-gap:0px;--column-gap:0px;--margin-top:0px;--margin-bottom:0px;--margin-left:0px;--margin-right:0px;--padding-top:40px;--padding-bottom:0px;--padding-left:0px;--padding-right:0px;}.elementor-13550 .elementor-element.elementor-element-b59c9fc{text-align:start;width:var( --container-widget-width, 103.668% );max-width:103.668%;--container-widget-width:103.668%;--container-widget-flex-grow:0;}.elementor-13550 .elementor-element.elementor-element-b59c9fc .elementor-heading-title{font-family:\"Poppins\", Sans-serif;font-size:40px;font-weight:600;line-height:1.2em;}.elementor-13550 .elementor-element.elementor-element-b59c9fc > .elementor-widget-container{margin:0px 0px 20px 0px;}.elementor-13550 .elementor-element.elementor-element-b59c9fc.elementor-element{--align-self:center;--flex-grow:0;--flex-shrink:0;}.elementor-13550 .elementor-element.elementor-element-43cb401{--display:flex;--flex-direction:row;--container-widget-width:initial;--container-widget-height:100%;--container-widget-flex-grow:1;--container-widget-align-self:stretch;--flex-wrap-mobile:wrap;--gap:0px 0px;--row-gap:0px;--column-gap:0px;--padding-top:0px;--padding-bottom:120px;--padding-left:0px;--padding-right:0px;}.elementor-13550 .elementor-element.elementor-element-0860eba{--display:flex;--flex-direction:column;--container-widget-width:calc( ( 1 - var( --container-widget-flex-grow ) ) * 100% );--container-widget-height:initial;--container-widget-flex-grow:0;--container-widget-align-self:initial;--flex-wrap-mobile:wrap;--justify-content:flex-start;--align-items:flex-start;}.elementor-13550 .elementor-element.elementor-element-063475e{width:var( --container-widget-width, 92% );max-width:92%;--container-widget-width:92%;--container-widget-flex-grow:0;}.elementor-13550 .elementor-element.elementor-element-063475e.elementor-element{--flex-grow:0;--flex-shrink:0;}.elementor-13550 .elementor-element.elementor-element-063475e > .elementor-widget-container{box-shadow:0px 5px 15px 0px rgba(62.00000000000001, 64.99999999999999, 159, 0.1);}.elementor-13550 .elementor-element.elementor-element-7e9a043{--display:flex;--flex-direction:column;--container-widget-width:100%;--container-widget-height:initial;--container-widget-flex-grow:0;--container-widget-align-self:initial;--flex-wrap-mobile:wrap;}@media(min-width:576px){.elementor-13550 .elementor-element.elementor-element-0860eba{--width:50%;}.elementor-13550 .elementor-element.elementor-element-7e9a043{--width:50%;}}@media(max-width:991px) and (min-width:576px){.elementor-13550 .elementor-element.elementor-element-0860eba{--width:100%;}.elementor-13550 .elementor-element.elementor-element-7e9a043{--width:100%;}}@media(max-width:1399px){.elementor-13550 .elementor-element.elementor-element-fab07d3{--padding-top:40px;--padding-bottom:0px;--padding-left:20px;--padding-right:20px;}.elementor-13550 .elementor-element.elementor-element-b59c9fc .elementor-heading-title{font-size:38px;}}@media(max-width:1200px){.elementor-13550 .elementor-element.elementor-element-fab07d3{--padding-top:30px;--padding-bottom:0px;--padding-left:20px;--padding-right:0px;}.elementor-13550 .elementor-element.elementor-element-b59c9fc > .elementor-widget-container{margin:0px 0px 20px 0px;}}@media(max-width:991px){.elementor-13550 .elementor-element.elementor-element-fab07d3{--flex-direction:column;--container-widget-width:calc( ( 1 - var( --container-widget-flex-grow ) ) * 100% );--container-widget-height:initial;--container-widget-flex-grow:0;--container-widget-align-self:initial;--flex-wrap-mobile:wrap;--justify-content:center;--align-items:center;--gap:50px 50px;--row-gap:50px;--column-gap:50px;--padding-top:30px;--padding-bottom:0px;--padding-left:30px;--padding-right:30px;}.elementor-13550 .elementor-element.elementor-element-b59c9fc .elementor-heading-title{font-size:34px;}.elementor-13550 .elementor-element.elementor-element-063475e{--container-widget-width:68%;--container-widget-flex-grow:0;width:var( --container-widget-width, 68% );max-width:68%;}.elementor-13550 .elementor-element.elementor-element-063475e.elementor-element{--align-self:center;}}@media(max-width:767px){.elementor-13550 .elementor-element.elementor-element-063475e{width:var( --container-widget-width, 467px );max-width:467px;--container-widget-width:467px;--container-widget-flex-grow:0;}}@media(max-width:575px){.elementor-13550 .elementor-element.elementor-element-fab07d3{--gap:30px 30px;--row-gap:30px;--column-gap:30px;--padding-top:40px;--padding-bottom:0px;--padding-left:10px;--padding-right:10px;}.elementor-13550 .elementor-element.elementor-element-b59c9fc .elementor-heading-title{font-size:28px;}.elementor-13550 .elementor-element.elementor-element-b59c9fc > .elementor-widget-container{margin:20px 0px 0px 0px;}.elementor-13550 .elementor-element.elementor-element-b59c9fc{width:var( --container-widget-width, 100% );max-width:100%;--container-widget-width:100%;--container-widget-flex-grow:0;}.elementor-13550 .elementor-element.elementor-element-063475e > .elementor-widget-container{padding:10px 10px 10px 10px;}.elementor-13550 .elementor-element.elementor-element-063475e{--container-widget-width:100%;--container-widget-flex-grow:0;width:var( --container-widget-width, 100% );max-width:100%;}}<\/style>\t\t<div data-elementor-type=\"wp-page\" data-elementor-id=\"13550\" class=\"elementor elementor-13550 elementor-13069\" data-elementor-post-type=\"page\">\n\t\t\t\t<div class=\"elementor-element elementor-element-adf8892 e-flex e-con-boxed e-con e-parent\" data-id=\"adf8892\" data-element_type=\"container\" data-e-type=\"container\">\n\t\t\t\t\t<div class=\"e-con-inner\">\n\t\t<div class=\"elementor-element elementor-element-fab07d3 e-con-full e-flex e-con e-child\" data-id=\"fab07d3\" data-element_type=\"container\" data-e-type=\"container\">\n\t\t\t\t<div class=\"elementor-element elementor-element-b59c9fc elementor-widget__width-initial elementor-widget-mobile__width-initial elementor-widget elementor-widget-heading\" data-id=\"b59c9fc\" data-element_type=\"widget\" data-e-type=\"widget\" data-widget_type=\"heading.default\">\n\t\t\t\t<div class=\"elementor-widget-container\">\n\t\t\t\t\t<h2 class=\"elementor-heading-title elementor-size-default\">Mateusz Ciasnocha<\/h2>\t\t\t\t<\/div>\n\t\t\t\t<\/div>\n\t\t\t\t<\/div>\n\t\t\t\t\t<\/div>\n\t\t\t\t<\/div>\n\t\t<div class=\"elementor-element elementor-element-43cb401 e-flex e-con-boxed e-con e-parent\" data-id=\"43cb401\" data-element_type=\"container\" data-e-type=\"container\">\n\t\t\t\t\t<div class=\"e-con-inner\">\n\t\t<div class=\"elementor-element elementor-element-0860eba e-con-full e-flex e-con e-child\" data-id=\"0860eba\" data-element_type=\"container\" data-e-type=\"container\">\n\t\t\t\t<div class=\"elementor-element elementor-element-063475e elementor-widget__width-initial elementor-widget-mobile_extra__width-initial elementor-widget elementor-widget-image\" data-id=\"063475e\" data-element_type=\"widget\" data-e-type=\"widget\" data-widget_type=\"image.default\">\n\t\t\t\t<div class=\"elementor-widget-container\">\n\t\t\t\t\t\t\t\t\t\t\t\t\t\t\t<img fetchpriority=\"high\" decoding=\"async\" width=\"2102\" height=\"2012\" src=\"https:\/\/fundacjacsr.pl\/wp-content\/uploads\/2025\/02\/Mateusz-Ciasnocha-photo_squared.jpg\" class=\"attachment-full size-full wp-image-13072\" alt=\"\" srcset=\"https:\/\/fundacjacsr.pl\/wp-content\/uploads\/2025\/02\/Mateusz-Ciasnocha-photo_squared.jpg 2102w, https:\/\/fundacjacsr.pl\/wp-content\/uploads\/2025\/02\/Mateusz-Ciasnocha-photo_squared-300x287.jpg 300w, https:\/\/fundacjacsr.pl\/wp-content\/uploads\/2025\/02\/Mateusz-Ciasnocha-photo_squared-1024x980.jpg 1024w, https:\/\/fundacjacsr.pl\/wp-content\/uploads\/2025\/02\/Mateusz-Ciasnocha-photo_squared-768x735.jpg 768w, https:\/\/fundacjacsr.pl\/wp-content\/uploads\/2025\/02\/Mateusz-Ciasnocha-photo_squared-1536x1470.jpg 1536w, https:\/\/fundacjacsr.pl\/wp-content\/uploads\/2025\/02\/Mateusz-Ciasnocha-photo_squared-2048x1960.jpg 2048w\" sizes=\"(max-width: 2102px) 100vw, 2102px\" \/>\t\t\t\t\t\t\t\t\t\t\t\t\t\t\t<\/div>\n\t\t\t\t<\/div>\n\t\t\t\t<\/div>\n\t\t<div class=\"elementor-element elementor-element-7e9a043 e-con-full e-flex e-con e-child\" data-id=\"7e9a043\" data-element_type=\"container\" data-e-type=\"container\">\n\t\t\t\t<div class=\"elementor-element elementor-element-ba1fb34 elementor-widget elementor-widget-text-editor\" data-id=\"ba1fb34\" data-element_type=\"widget\" data-e-type=\"widget\" data-widget_type=\"text-editor.default\">\n\t\t\t\t<div class=\"elementor-widget-container\">\n\t\t\t\t\t\t\t\t\t<p>A farmer from \u017bu\u0142awy Wi\u015blane on a mission to build a bridge between agricultural and climate policy with the farmer at the centre. He implements this goal through two companies: <a href=\"https:\/\/www.linkedin.com\/company\/europeancarbonfarmers\/\" target=\"_blank\" rel=\"noopener\">European Carbon Farmers<\/a>, and in particular <a href=\"https:\/\/www.midas-bioeconomy.eu\/\" target=\"_blank\" rel=\"noopener\">the MIDAS Project,<\/a> and <a href=\"https:\/\/www.linkedin.com\/company\/the-farm-of-francesco\/\" target=\"_blank\" rel=\"noopener\">the Farm of Francesco<\/a>, as well as services on the Supervisory and Advisory Boards: <a href=\"https:\/\/francescoeconomy.org\/\" target=\"_blank\" rel=\"noopener\">the Francis Economics Foundation<\/a> and<a href=\"https:\/\/platformadzialanlaudatosi.org\/\" target=\"_blank\" rel=\"noopener\"> the Laudato Si Action Platform<\/a> at <a href=\"https:\/\/www.humandevelopment.va\/en\/progetti\/laudato-si-action-platform.html\" target=\"_blank\" rel=\"noopener\">the Holy See<\/a> and <a href=\"https:\/\/mission-soil-platform.ec.europa.eu\/\" target=\"_blank\" rel=\"noopener\">the European Soil Mission<\/a> at<a href=\"https:\/\/research-and-innovation.ec.europa.eu\/funding\/funding-opportunities\/funding-programmes-and-open-calls\/horizon-europe\/eu-missions-horizon-europe\/soil-deal-europe_en\" target=\"_blank\" rel=\"noopener\"> the European Commission.<\/a> <\/p>\n<p>He is educated <a href=\"https:\/\/www.hult.edu\/undergraduate\/\" target=\"_blank\" rel=\"noopener\">at Hult International Business School<\/a>, <a href=\"https:\/\/escp.eu\/programmes\/specialised-masters-MSc\/MSc-in-energy-management\" target=\"_blank\" rel=\"noopener\">ESCP Europe Business School,<\/a> <a href=\"https:\/\/www.conted.ox.ac.uk\/about\/undergraduate-certificate-of-higher-education\" target=\"_blank\" rel=\"noopener\">the University of Oxford<\/a>, <a href=\"https:\/\/postgraduate.degrees.ed.ac.uk\/?r=site\/view&amp;edition=2025&amp;id=412\" target=\"_blank\" rel=\"noopener\">the University of Edinburgh<\/a>, and <a href=\"https:\/\/ccsi.columbia.edu\/content\/executive-training-sustainable-investments-agriculture\" target=\"_blank\" rel=\"noopener\">Columbia University.<\/a> Mateusz was recognized by the U.S. Department of State for his leadership in the areas of farmer representation and climate action as <a href=\"https:\/\/www.ytili.org\/\" target=\"_blank\" rel=\"noopener\">a YTILI \u2013 the Young Transatlantic Innovation Leaders Initiative \u2013 Fellow.<\/a> <\/p>\n<p>Mateusz was the only Polish participant in the first edition of<a href=\"https:\/\/www.scholasusa.org\/programs\/fratelli-tutti-political-school\" target=\"_blank\" rel=\"noopener\"> Fratelli Tutti Political School <\/a>\u2013 Pope Francis Political School. For his leadership in the field of food systems, Mateusz was invited to join <a href=\"https:\/\/www.un.org\/en\/food-systems-summit\/champions-network\" target=\"_blank\" rel=\"noopener\">the Champions Network<\/a> at <a href=\"https:\/\/www.un.org\/en\/food-systems-summit\" target=\"_blank\" rel=\"noopener\">the UN Food Systems Summit.<\/a> <\/p>\n\t\t\t\t\t\t\t\t<\/div>\n\t\t\t\t<\/div>\n\t\t\t\t<\/div>\n\t\t\t\t\t<\/div>\n\t\t\t\t<\/div>\n\t\t\t\t<\/div>\n\t\t","protected":false},"excerpt":{"rendered":"<p>Mateusz Ciasnocha A farmer from \u017bu\u0142awy Wi\u015blane on a mission to build a bridge between agricultural and climate policy with the farmer at the centre. He implements this goal through two companies: European Carbon Farmers, and in particular the MIDAS Project, and the Farm of Francesco, as well as services on the Supervisory and Advisory [&hellip;]<\/p>\n","protected":false},"author":2,"featured_media":0,"parent":0,"menu_order":0,"comment_status":"closed","ping_status":"closed","template":"elementor_header_footer","meta":{"inline_featured_image":false,"_monsterinsights_skip_tracking":false,"_monsterinsights_sitenote_active":false,"_monsterinsights_sitenote_note":"","_monsterinsights_sitenote_category":0,"footnotes":""},"class_list":["post-13550","page","type-page","status-publish","hentry"],"_links":{"self":[{"href":"https:\/\/fundacjacsr.pl\/en\/wp-json\/wp\/v2\/pages\/13550","targetHints":{"allow":["GET"]}}],"collection":[{"href":"https:\/\/fundacjacsr.pl\/en\/wp-json\/wp\/v2\/pages"}],"about":[{"href":"https:\/\/fundacjacsr.pl\/en\/wp-json\/wp\/v2\/types\/page"}],"author":[{"embeddable":true,"href":"https:\/\/fundacjacsr.pl\/en\/wp-json\/wp\/v2\/users\/2"}],"replies":[{"embeddable":true,"href":"https:\/\/fundacjacsr.pl\/en\/wp-json\/wp\/v2\/comments?post=13550"}],"version-history":[{"count":1,"href":"https:\/\/fundacjacsr.pl\/en\/wp-json\/wp\/v2\/pages\/13550\/revisions"}],"predecessor-version":[{"id":13551,"href":"https:\/\/fundacjacsr.pl\/en\/wp-json\/wp\/v2\/pages\/13550\/revisions\/13551"}],"wp:attachment":[{"href":"https:\/\/fundacjacsr.pl\/en\/wp-json\/wp\/v2\/media?parent=13550"}],"curies":[{"name":"wp","href":"https:\/\/api.w.org\/{rel}","templated":true}]}}