{"id":13562,"date":"2025-03-26T14:07:36","date_gmt":"2025-03-26T14:07:36","guid":{"rendered":"https:\/\/fundacjacsr.pl\/piotr-stankiewicz\/"},"modified":"2025-04-21T23:38:56","modified_gmt":"2025-04-21T23:38:56","slug":"piotr-stankiewicz","status":"publish","type":"page","link":"https:\/\/fundacjacsr.pl\/en\/piotr-stankiewicz\/","title":{"rendered":"Piotr Stankiewicz"},"content":{"rendered":"<style>.elementor-13562 .elementor-element.elementor-element-2ce491f{--display:flex;--flex-direction:column;--container-widget-width:100%;--container-widget-height:initial;--container-widget-flex-grow:0;--container-widget-align-self:initial;--flex-wrap-mobile:wrap;}.elementor-13562 .elementor-element.elementor-element-da56d03{--display:flex;--flex-direction:row;--container-widget-width:initial;--container-widget-height:100%;--container-widget-flex-grow:1;--container-widget-align-self:stretch;--flex-wrap-mobile:wrap;--gap:0px 0px;--row-gap:0px;--column-gap:0px;--margin-top:0px;--margin-bottom:0px;--margin-left:0px;--margin-right:0px;--padding-top:40px;--padding-bottom:0px;--padding-left:0px;--padding-right:0px;}.elementor-13562 .elementor-element.elementor-element-963e9cc{text-align:start;width:var( --container-widget-width, 103.668% );max-width:103.668%;--container-widget-width:103.668%;--container-widget-flex-grow:0;}.elementor-13562 .elementor-element.elementor-element-963e9cc .elementor-heading-title{font-family:\"Poppins\", Sans-serif;font-size:40px;font-weight:600;line-height:1.2em;}.elementor-13562 .elementor-element.elementor-element-963e9cc > .elementor-widget-container{margin:0px 0px 20px 0px;}.elementor-13562 .elementor-element.elementor-element-963e9cc.elementor-element{--align-self:center;--flex-grow:0;--flex-shrink:0;}.elementor-13562 .elementor-element.elementor-element-767df87{--display:flex;--flex-direction:row;--container-widget-width:initial;--container-widget-height:100%;--container-widget-flex-grow:1;--container-widget-align-self:stretch;--flex-wrap-mobile:wrap;--gap:0px 0px;--row-gap:0px;--column-gap:0px;--padding-top:0px;--padding-bottom:120px;--padding-left:0px;--padding-right:0px;}.elementor-13562 .elementor-element.elementor-element-eb6a10c{--display:flex;--flex-direction:column;--container-widget-width:calc( ( 1 - var( --container-widget-flex-grow ) ) * 100% );--container-widget-height:initial;--container-widget-flex-grow:0;--container-widget-align-self:initial;--flex-wrap-mobile:wrap;--justify-content:flex-start;--align-items:flex-start;}.elementor-13562 .elementor-element.elementor-element-823d324{width:var( --container-widget-width, 92% );max-width:92%;--container-widget-width:92%;--container-widget-flex-grow:0;}.elementor-13562 .elementor-element.elementor-element-823d324.elementor-element{--flex-grow:0;--flex-shrink:0;}.elementor-13562 .elementor-element.elementor-element-823d324 > .elementor-widget-container{box-shadow:0px 5px 15px 0px rgba(62.00000000000001, 64.99999999999999, 159, 0.1);}.elementor-13562 .elementor-element.elementor-element-98a698c{--display:flex;--flex-direction:column;--container-widget-width:100%;--container-widget-height:initial;--container-widget-flex-grow:0;--container-widget-align-self:initial;--flex-wrap-mobile:wrap;}@media(min-width:576px){.elementor-13562 .elementor-element.elementor-element-eb6a10c{--width:50%;}.elementor-13562 .elementor-element.elementor-element-98a698c{--width:50%;}}@media(max-width:991px) and (min-width:576px){.elementor-13562 .elementor-element.elementor-element-eb6a10c{--width:100%;}.elementor-13562 .elementor-element.elementor-element-98a698c{--width:100%;}}@media(max-width:1399px){.elementor-13562 .elementor-element.elementor-element-da56d03{--padding-top:40px;--padding-bottom:0px;--padding-left:20px;--padding-right:20px;}.elementor-13562 .elementor-element.elementor-element-963e9cc .elementor-heading-title{font-size:38px;}}@media(max-width:1200px){.elementor-13562 .elementor-element.elementor-element-da56d03{--padding-top:30px;--padding-bottom:0px;--padding-left:20px;--padding-right:0px;}.elementor-13562 .elementor-element.elementor-element-963e9cc > .elementor-widget-container{margin:0px 0px 20px 0px;}}@media(max-width:991px){.elementor-13562 .elementor-element.elementor-element-da56d03{--flex-direction:column;--container-widget-width:calc( ( 1 - var( --container-widget-flex-grow ) ) * 100% );--container-widget-height:initial;--container-widget-flex-grow:0;--container-widget-align-self:initial;--flex-wrap-mobile:wrap;--justify-content:center;--align-items:center;--gap:50px 50px;--row-gap:50px;--column-gap:50px;--padding-top:30px;--padding-bottom:0px;--padding-left:30px;--padding-right:30px;}.elementor-13562 .elementor-element.elementor-element-963e9cc .elementor-heading-title{font-size:34px;}.elementor-13562 .elementor-element.elementor-element-823d324{--container-widget-width:68%;--container-widget-flex-grow:0;width:var( --container-widget-width, 68% );max-width:68%;}.elementor-13562 .elementor-element.elementor-element-823d324.elementor-element{--align-self:center;}}@media(max-width:767px){.elementor-13562 .elementor-element.elementor-element-823d324{width:var( --container-widget-width, 467px );max-width:467px;--container-widget-width:467px;--container-widget-flex-grow:0;}}@media(max-width:575px){.elementor-13562 .elementor-element.elementor-element-da56d03{--gap:30px 30px;--row-gap:30px;--column-gap:30px;--padding-top:40px;--padding-bottom:0px;--padding-left:10px;--padding-right:10px;}.elementor-13562 .elementor-element.elementor-element-963e9cc .elementor-heading-title{font-size:28px;}.elementor-13562 .elementor-element.elementor-element-963e9cc > .elementor-widget-container{margin:20px 0px 0px 0px;}.elementor-13562 .elementor-element.elementor-element-963e9cc{width:var( --container-widget-width, 100% );max-width:100%;--container-widget-width:100%;--container-widget-flex-grow:0;}.elementor-13562 .elementor-element.elementor-element-823d324 > .elementor-widget-container{padding:10px 10px 10px 10px;}.elementor-13562 .elementor-element.elementor-element-823d324{--container-widget-width:100%;--container-widget-flex-grow:0;width:var( --container-widget-width, 100% );max-width:100%;}}<\/style>\t\t<div data-elementor-type=\"wp-page\" data-elementor-id=\"13562\" class=\"elementor elementor-13562 elementor-13340\" data-elementor-post-type=\"page\">\n\t\t\t\t<div class=\"elementor-element elementor-element-2ce491f e-flex e-con-boxed e-con e-parent\" data-id=\"2ce491f\" data-element_type=\"container\" data-e-type=\"container\">\n\t\t\t\t\t<div class=\"e-con-inner\">\n\t\t<div class=\"elementor-element elementor-element-da56d03 e-con-full e-flex e-con e-child\" data-id=\"da56d03\" data-element_type=\"container\" data-e-type=\"container\">\n\t\t\t\t<div class=\"elementor-element elementor-element-963e9cc elementor-widget__width-initial elementor-widget-mobile__width-initial elementor-widget elementor-widget-heading\" data-id=\"963e9cc\" data-element_type=\"widget\" data-e-type=\"widget\" data-widget_type=\"heading.default\">\n\t\t\t\t<div class=\"elementor-widget-container\">\n\t\t\t\t\t<h2 class=\"elementor-heading-title elementor-size-default\">Piotr Stankiewicz<\/h2>\t\t\t\t<\/div>\n\t\t\t\t<\/div>\n\t\t\t\t<\/div>\n\t\t\t\t\t<\/div>\n\t\t\t\t<\/div>\n\t\t<div class=\"elementor-element elementor-element-767df87 e-flex e-con-boxed e-con e-parent\" data-id=\"767df87\" data-element_type=\"container\" data-e-type=\"container\">\n\t\t\t\t\t<div class=\"e-con-inner\">\n\t\t<div class=\"elementor-element elementor-element-eb6a10c e-con-full e-flex e-con e-child\" data-id=\"eb6a10c\" data-element_type=\"container\" data-e-type=\"container\">\n\t\t\t\t<div class=\"elementor-element elementor-element-823d324 elementor-widget__width-initial elementor-widget-mobile_extra__width-initial elementor-widget elementor-widget-image\" data-id=\"823d324\" data-element_type=\"widget\" data-e-type=\"widget\" data-widget_type=\"image.default\">\n\t\t\t\t<div class=\"elementor-widget-container\">\n\t\t\t\t\t\t\t\t\t\t\t\t\t\t\t<img fetchpriority=\"high\" decoding=\"async\" width=\"1211\" height=\"1211\" src=\"https:\/\/fundacjacsr.pl\/wp-content\/uploads\/2025\/03\/Piotr-Stankiewicz.jpg\" class=\"attachment-full size-full wp-image-13346\" alt=\"\" srcset=\"https:\/\/fundacjacsr.pl\/wp-content\/uploads\/2025\/03\/Piotr-Stankiewicz.jpg 1211w, https:\/\/fundacjacsr.pl\/wp-content\/uploads\/2025\/03\/Piotr-Stankiewicz-300x300.jpg 300w, https:\/\/fundacjacsr.pl\/wp-content\/uploads\/2025\/03\/Piotr-Stankiewicz-1024x1024.jpg 1024w, https:\/\/fundacjacsr.pl\/wp-content\/uploads\/2025\/03\/Piotr-Stankiewicz-150x150.jpg 150w, https:\/\/fundacjacsr.pl\/wp-content\/uploads\/2025\/03\/Piotr-Stankiewicz-768x768.jpg 768w\" sizes=\"(max-width: 1211px) 100vw, 1211px\" \/>\t\t\t\t\t\t\t\t\t\t\t\t\t\t\t<\/div>\n\t\t\t\t<\/div>\n\t\t\t\t<\/div>\n\t\t<div class=\"elementor-element elementor-element-98a698c e-con-full e-flex e-con e-child\" data-id=\"98a698c\" data-element_type=\"container\" data-e-type=\"container\">\n\t\t\t\t<div class=\"elementor-element elementor-element-030573e elementor-widget elementor-widget-text-editor\" data-id=\"030573e\" data-element_type=\"widget\" data-e-type=\"widget\" data-widget_type=\"text-editor.default\">\n\t\t\t\t<div class=\"elementor-widget-container\">\n\t\t\t\t\t\t\t\t\t<p>Sociologist, professor at Nicolaus Copernicus University in Toru\u0144. For over 15 years he has been conducting social research in the area of \u200b\u200benergy, sustainable development and green transformation. He specializes in social aspects of low-emission economy, such as cooperation with stakeholders from the socio-economic environment and social communication. Participant and manager of numerous research projects, national and international, co-financed by the National Science Centre, EU framework programmes and EURATOM. He gained experience, among others, in the field of implementation of the Polish Nuclear Power Programme and shale gas exploration. He cooperated with industry institutions and public local government and central units. He created and managed the Regional Forum for Dialogue and Cooperation &#8220;Energy and Self-Government&#8221;, established at the Pomeranian Special Economic Zone under the patronage of the Marshal and Voivode of Pomerania. Based on his research, he wrote the book &#8220;Gra w atom. Spo\u0142eczne gospodarka technologie w rozw\u00f3j energetyki nucledrowej w Polsce&#8221; (UMK Publishing House, Toru\u0144 2017). He conducted research at the universities of Cologne and Hamburg and at the Fraunhofer Institute in Karlsruhe. Active expert of the Sejm Analysis Office, the National School of Public Administration, the National Centre for Research and Development and the Ministry of Science and Higher Education. He served as director of the Institute of Educational Research and \u0141ukasiewicz-Institute of Organization and Management in Industry ORGMASZ.            <\/p>\n\t\t\t\t\t\t\t\t<\/div>\n\t\t\t\t<\/div>\n\t\t\t\t<\/div>\n\t\t\t\t\t<\/div>\n\t\t\t\t<\/div>\n\t\t\t\t<\/div>\n\t\t","protected":false},"excerpt":{"rendered":"<p>Piotr Stankiewicz Sociologist, professor at Nicolaus Copernicus University in Toru\u0144. For over 15 years he has been conducting social research in the area of \u200b\u200benergy, sustainable development and green transformation. He specializes in social aspects of low-emission economy, such as cooperation with stakeholders from the socio-economic environment and social communication. Participant and manager of numerous [&hellip;]<\/p>\n","protected":false},"author":2,"featured_media":0,"parent":0,"menu_order":0,"comment_status":"closed","ping_status":"closed","template":"elementor_header_footer","meta":{"inline_featured_image":false,"_monsterinsights_skip_tracking":false,"_monsterinsights_sitenote_active":false,"_monsterinsights_sitenote_note":"","_monsterinsights_sitenote_category":0,"footnotes":""},"class_list":["post-13562","page","type-page","status-publish","hentry"],"_links":{"self":[{"href":"https:\/\/fundacjacsr.pl\/en\/wp-json\/wp\/v2\/pages\/13562","targetHints":{"allow":["GET"]}}],"collection":[{"href":"https:\/\/fundacjacsr.pl\/en\/wp-json\/wp\/v2\/pages"}],"about":[{"href":"https:\/\/fundacjacsr.pl\/en\/wp-json\/wp\/v2\/types\/page"}],"author":[{"embeddable":true,"href":"https:\/\/fundacjacsr.pl\/en\/wp-json\/wp\/v2\/users\/2"}],"replies":[{"embeddable":true,"href":"https:\/\/fundacjacsr.pl\/en\/wp-json\/wp\/v2\/comments?post=13562"}],"version-history":[{"count":1,"href":"https:\/\/fundacjacsr.pl\/en\/wp-json\/wp\/v2\/pages\/13562\/revisions"}],"predecessor-version":[{"id":13563,"href":"https:\/\/fundacjacsr.pl\/en\/wp-json\/wp\/v2\/pages\/13562\/revisions\/13563"}],"wp:attachment":[{"href":"https:\/\/fundacjacsr.pl\/en\/wp-json\/wp\/v2\/media?parent=13562"}],"curies":[{"name":"wp","href":"https:\/\/api.w.org\/{rel}","templated":true}]}}